{"id":97,"date":"2021-11-01T19:03:17","date_gmt":"2021-11-01T19:03:17","guid":{"rendered":"http:\/\/conotramirada.es\/?page_id=97"},"modified":"2021-11-17T19:16:14","modified_gmt":"2021-11-17T19:16:14","slug":"pagina-de-inicio","status":"publish","type":"page","link":"http:\/\/conotramirada.es\/","title":{"rendered":"Una nueva vida para tus muebles con m\u00e1s historia"},"content":{"rendered":"\n<p class=\"has-text-align-center has-medium-font-size\">Expertos en restauraci\u00f3n de antig\u00fcedades<\/p>\n\n\n\n<p class=\"has-text-align-center has-normal-font-size\">Taller de restauraci\u00f3n y antig\u00fcedades con una amplia trayectoria y versatilidad que nos permite adecuarnos por completo a tus necesidades, escuchando y asesorando para conseguir el objetivo m\u00e1s \u00f3ptimo.<\/p>\n","protected":false},"excerpt":{"rendered":"<p>Expertos en restauraci\u00f3n de antig\u00fcedades Taller de restauraci\u00f3n y antig\u00fcedades con una amplia trayectoria y versatilidad que nos permite adecuarnos por completo a tus necesidades, escuchando y asesorando para conseguir &hellip; <\/p>\n","protected":false},"author":1,"featured_media":125,"parent":0,"menu_order":0,"comment_status":"closed","ping_status":"closed","template":"","meta":{"om_disable_all_campaigns":false,"_monsterinsights_skip_tracking":false,"_monsterinsights_sitenote_active":false,"_monsterinsights_sitenote_note":"","_monsterinsights_sitenote_category":0,"footnotes":""},"class_list":["post-97","page","type-page","status-publish","has-post-thumbnail","hentry"],"_links":{"self":[{"href":"http:\/\/conotramirada.es\/index.php\/wp-json\/wp\/v2\/pages\/97","targetHints":{"allow":["GET"]}}],"collection":[{"href":"http:\/\/conotramirada.es\/index.php\/wp-json\/wp\/v2\/pages"}],"about":[{"href":"http:\/\/conotramirada.es\/index.php\/wp-json\/wp\/v2\/types\/page"}],"author":[{"embeddable":true,"href":"http:\/\/conotramirada.es\/index.php\/wp-json\/wp\/v2\/users\/1"}],"replies":[{"embeddable":true,"href":"http:\/\/conotramirada.es\/index.php\/wp-json\/wp\/v2\/comments?post=97"}],"version-history":[{"count":5,"href":"http:\/\/conotramirada.es\/index.php\/wp-json\/wp\/v2\/pages\/97\/revisions"}],"predecessor-version":[{"id":155,"href":"http:\/\/conotramirada.es\/index.php\/wp-json\/wp\/v2\/pages\/97\/revisions\/155"}],"wp:featuredmedia":[{"embeddable":true,"href":"http:\/\/conotramirada.es\/index.php\/wp-json\/wp\/v2\/media\/125"}],"wp:attachment":[{"href":"http:\/\/conotramirada.es\/index.php\/wp-json\/wp\/v2\/media?parent=97"}],"curies":[{"name":"wp","href":"https:\/\/api.w.org\/{rel}","templated":true}]}}